{"id":9353,"date":"2023-04-06T08:07:53","date_gmt":"2023-04-06T08:07:53","guid":{"rendered":"https:\/\/marina-vela.com\/?page_id=9353"},"modified":"2023-09-07T19:11:09","modified_gmt":"2023-09-07T19:11:09","slug":"reservation-en","status":"publish","type":"page","link":"https:\/\/marina-vela.com\/en\/reservation-en\/","title":{"rendered":"Reservation"},"content":{"rendered":"<div data-elementor-type=\"wp-page\" data-elementor-id=\"9353\" class=\"elementor elementor-9353\" data-elementor-post-type=\"page\">\n\t\t\t\t\t\t\t\t\t<section class=\"ob-is-breaking-bad elementor-section elementor-top-section elementor-element elementor-element-ab85516 elementor-section-boxed elementor-section-height-default elementor-section-height-default\" data-id=\"ab85516\" data-element_type=\"section\" data-settings=\"{&quot;_ob_bbad_use_it&quot;:&quot;yes&quot;,&quot;_ob_bbad_sssic_use&quot;:&quot;no&quot;,&quot;_ob_glider_is_slider&quot;:&quot;no&quot;}\">\n\t\t\t\t\t\t<div class=\"elementor-container elementor-column-gap-default\">\n\t\t\t\t\t<div class=\"elementor-column elementor-col-100 elementor-top-column elementor-element elementor-element-b7dffab\" data-id=\"b7dffab\" data-element_type=\"column\" data-settings=\"{&quot;_ob_bbad_is_stalker&quot;:&quot;no&quot;,&quot;_ob_teleporter_use&quot;:false,&quot;_ob_column_hoveranimator&quot;:&quot;no&quot;,&quot;_ob_column_has_pseudo&quot;:&quot;no&quot;}\">\n\t\t\t<div class=\"elementor-widget-wrap elementor-element-populated\">\n\t\t\t\t\t\t\t\t<div class=\"elementor-element elementor-element-2248256 ob-has-background-overlay elementor-widget elementor-widget-html\" data-id=\"2248256\" data-element_type=\"widget\" data-settings=\"{&quot;_ob_perspektive_use&quot;:&quot;no&quot;,&quot;_ob_poopart_use&quot;:&quot;yes&quot;,&quot;_ob_shadough_use&quot;:&quot;no&quot;,&quot;_ob_allow_hoveranimator&quot;:&quot;no&quot;,&quot;_ob_widget_stalker_use&quot;:&quot;no&quot;}\" data-widget_type=\"html.default\">\n\t\t\t\t<div class=\"elementor-widget-container\">\n\t\t\t<div id=\"overlay\">\r\n  <div id=\"popup\">\r\n    <div style=\"width: 50%;\" class=\"popupColumn\">\r\n        <img decoding=\"async\" src=\"https:\/\/marina-vela.com\/wp-content\/uploads\/2023\/01\/Untitled-design157.png\" alt=\"PopupImg\"\/>\r\n    <\/div>\r\n    <div style=\"width: 50%;align-items: center;display: flex;flex-direction: column;justify-content: center;\" class=\"popupColumn\">\r\n        <h2>Before you go<\/h2>\r\n        <p>You are leaving the page without completing the form.<\/p>\r\n        <button id=\"confirmBtn\">Confirm<\/button>\r\n        <button id=\"cancelBtn\">Cancel<\/button>\r\n     <\/div>\r\n  <\/div>\r\n<\/div>\t\t<\/div>\n\t\t\t\t<\/div>\n\t\t\t\t\t<\/div>\n\t\t<\/div>\n\t\t\t\t\t\t\t<\/div>\n\t\t<\/section>\n\t\t\t\t<section class=\"ob-is-breaking-bad elementor-section elementor-top-section elementor-element elementor-element-a2922ce elementor-section-full_width elementor-section-height-min-height elementor-section-stretched elementor-section-height-default elementor-section-items-middle\" data-id=\"a2922ce\" data-element_type=\"section\" data-settings=\"{&quot;stretch_section&quot;:&quot;section-stretched&quot;,&quot;background_background&quot;:&quot;classic&quot;,&quot;_ob_bbad_use_it&quot;:&quot;yes&quot;,&quot;_ob_bbad_sssic_use&quot;:&quot;no&quot;,&quot;_ob_glider_is_slider&quot;:&quot;no&quot;}\">\n\t\t\t\t\t\t\t<div class=\"elementor-background-overlay\"><\/div>\n\t\t\t\t\t\t\t<div class=\"elementor-container elementor-column-gap-default\">\n\t\t\t\t\t<div class=\"elementor-column elementor-col-100 elementor-top-column elementor-element elementor-element-161907c\" data-id=\"161907c\" data-element_type=\"column\" data-settings=\"{&quot;_ob_bbad_is_stalker&quot;:&quot;no&quot;,&quot;_ob_teleporter_use&quot;:false,&quot;_ob_column_hoveranimator&quot;:&quot;no&quot;,&quot;_ob_column_has_pseudo&quot;:&quot;no&quot;}\">\n\t\t\t<div class=\"elementor-widget-wrap elementor-element-populated\">\n\t\t\t\t\t\t\t\t<div class=\"elementor-element elementor-element-f531ae8 elementor-widget-mobile__width-inherit ob-harakiri-inherit ob-has-background-overlay elementor-widget elementor-widget-heading\" data-id=\"f531ae8\" data-element_type=\"widget\" data-settings=\"{&quot;_ob_use_harakiri&quot;:&quot;yes&quot;,&quot;_ob_harakiri_writing_mode&quot;:&quot;inherit&quot;,&quot;_ob_harakiri_text_clip&quot;:&quot;none&quot;,&quot;_ob_perspektive_use&quot;:&quot;no&quot;,&quot;_ob_poopart_use&quot;:&quot;yes&quot;,&quot;_ob_shadough_use&quot;:&quot;no&quot;,&quot;_ob_allow_hoveranimator&quot;:&quot;no&quot;,&quot;_ob_widget_stalker_use&quot;:&quot;no&quot;}\" data-widget_type=\"heading.default\">\n\t\t\t\t<div class=\"elementor-widget-container\">\n\t\t\t<h1 class=\"elementor-heading-title elementor-size-default\">Reservation<\/h1>\t\t<\/div>\n\t\t\t\t<\/div>\n\t\t\t\t\t<\/div>\n\t\t<\/div>\n\t\t\t\t\t\t\t<\/div>\n\t\t<\/section>\n\t\t\t\t<section class=\"ob-is-breaking-bad elementor-section elementor-top-section elementor-element elementor-element-37627ab elementor-section-full_width elementor-section-stretched elementor-section-height-default elementor-section-height-default\" data-id=\"37627ab\" data-element_type=\"section\" id=\"FormResa\" data-settings=\"{&quot;stretch_section&quot;:&quot;section-stretched&quot;,&quot;_ob_bbad_use_it&quot;:&quot;yes&quot;,&quot;_ob_bbad_sssic_use&quot;:&quot;no&quot;,&quot;_ob_glider_is_slider&quot;:&quot;no&quot;}\">\n\t\t\t\t\t\t<div class=\"elementor-container elementor-column-gap-default\">\n\t\t\t\t\t<div class=\"elementor-column elementor-col-100 elementor-top-column elementor-element elementor-element-bf09c22\" data-id=\"bf09c22\" data-element_type=\"column\" data-settings=\"{&quot;_ob_bbad_is_stalker&quot;:&quot;no&quot;,&quot;_ob_teleporter_use&quot;:false,&quot;_ob_column_hoveranimator&quot;:&quot;no&quot;,&quot;_ob_column_has_pseudo&quot;:&quot;no&quot;}\">\n\t\t\t<div class=\"elementor-widget-wrap elementor-element-populated\">\n\t\t\t\t\t\t\t\t<div class=\"elementor-element elementor-element-0fecd10 ob-has-background-overlay elementor-widget elementor-widget-image\" data-id=\"0fecd10\" data-element_type=\"widget\" data-settings=\"{&quot;_ob_photomorph_use&quot;:&quot;no&quot;,&quot;_ob_perspektive_use&quot;:&quot;no&quot;,&quot;_ob_poopart_use&quot;:&quot;yes&quot;,&quot;_ob_shadough_use&quot;:&quot;no&quot;,&quot;_ob_allow_hoveranimator&quot;:&quot;no&quot;,&quot;_ob_widget_stalker_use&quot;:&quot;no&quot;}\" data-widget_type=\"image.default\">\n\t\t\t\t<div class=\"elementor-widget-container\">\n\t\t\t\t\t\t\t\t\t\t\t\t\t\t\t<img loading=\"lazy\" decoding=\"async\" width=\"1024\" height=\"1024\" src=\"https:\/\/marina-vela.com\/wp-content\/uploads\/2022\/07\/circleShape-1024x1024.png\" class=\"attachment-large size-large wp-image-4352\" alt=\"\" srcset=\"https:\/\/marina-vela.com\/wp-content\/uploads\/2022\/07\/circleShape-1024x1024.png 1024w, https:\/\/marina-vela.com\/wp-content\/uploads\/2022\/07\/circleShape-300x300.png 300w, https:\/\/marina-vela.com\/wp-content\/uploads\/2022\/07\/circleShape-150x150.png 150w, https:\/\/marina-vela.com\/wp-content\/uploads\/2022\/07\/circleShape-768x769.png 768w, https:\/\/marina-vela.com\/wp-content\/uploads\/2022\/07\/circleShape-370x370.png 370w, https:\/\/marina-vela.com\/wp-content\/uploads\/2022\/07\/circleShape-180x180.png 180w, https:\/\/marina-vela.com\/wp-content\/uploads\/2022\/07\/circleShape-240x240.png 240w, https:\/\/marina-vela.com\/wp-content\/uploads\/2022\/07\/circleShape-760x761.png 760w, https:\/\/marina-vela.com\/wp-content\/uploads\/2022\/07\/circleShape.png 1142w\" sizes=\"auto, (max-width: 1024px) 100vw, 1024px\" \/>\t\t\t\t\t\t\t\t\t\t\t\t\t\t\t<\/div>\n\t\t\t\t<\/div>\n\t\t\t\t<div class=\"elementor-element elementor-element-f035ac8 elementor-widget__width-initial elementor-widget-mobile__width-inherit wave-title-center ob-harakiri-inherit ob-has-background-overlay elementor-widget elementor-widget-heading\" data-id=\"f035ac8\" data-element_type=\"widget\" data-settings=\"{&quot;_ob_use_harakiri&quot;:&quot;yes&quot;,&quot;_ob_harakiri_writing_mode&quot;:&quot;inherit&quot;,&quot;_ob_harakiri_text_clip&quot;:&quot;none&quot;,&quot;_ob_perspektive_use&quot;:&quot;no&quot;,&quot;_ob_poopart_use&quot;:&quot;yes&quot;,&quot;_ob_shadough_use&quot;:&quot;no&quot;,&quot;_ob_allow_hoveranimator&quot;:&quot;no&quot;,&quot;_ob_widget_stalker_use&quot;:&quot;no&quot;}\" data-widget_type=\"heading.default\">\n\t\t\t\t<div class=\"elementor-widget-container\">\n\t\t\t<h2 class=\"elementor-heading-title elementor-size-default\">Booking form\n<\/h2>\t\t<\/div>\n\t\t\t\t<\/div>\n\t\t\t\t<div class=\"elementor-element elementor-element-f1a1ea1 ob-has-background-overlay elementor-widget elementor-widget-htmega-contactform-addons\" data-id=\"f1a1ea1\" data-element_type=\"widget\" data-settings=\"{&quot;_ob_perspektive_use&quot;:&quot;no&quot;,&quot;_ob_poopart_use&quot;:&quot;yes&quot;,&quot;_ob_shadough_use&quot;:&quot;no&quot;,&quot;_ob_allow_hoveranimator&quot;:&quot;no&quot;,&quot;_ob_widget_stalker_use&quot;:&quot;no&quot;}\" data-widget_type=\"htmega-contactform-addons.default\">\n\t\t\t\t<div class=\"elementor-widget-container\">\n\t\t\t            <div class=\"htmega-form-wrapper htmega-form-style-5\" >\n                \n<div class=\"wpcf7 no-js\" id=\"wpcf7-f9348-o1\" lang=\"fr-FR\" dir=\"ltr\" data-wpcf7-id=\"9348\">\n<div class=\"screen-reader-response\"><p role=\"status\" aria-live=\"polite\" aria-atomic=\"true\"><\/p> <ul><\/ul><\/div>\n<form action=\"\/en\/wp-json\/wp\/v2\/pages\/9353#wpcf7-f9348-o1\" method=\"post\" class=\"wpcf7-form init\" aria-label=\"Formulaire de contact\" novalidate=\"novalidate\" data-status=\"init\" data-trp-original-action=\"\/en\/wp-json\/wp\/v2\/pages\/9353#wpcf7-f9348-o1\">\n<fieldset class=\"hidden-fields-container\"><input type=\"hidden\" name=\"_wpcf7\" value=\"9348\" \/><input type=\"hidden\" name=\"_wpcf7_version\" value=\"6.1.5\" \/><input type=\"hidden\" name=\"_wpcf7_locale\" value=\"fr_FR\" \/><input type=\"hidden\" name=\"_wpcf7_unit_tag\" value=\"wpcf7-f9348-o1\" \/><input type=\"hidden\" name=\"_wpcf7_container_post\" value=\"0\" \/><input type=\"hidden\" name=\"_wpcf7_posted_data_hash\" value=\"\" \/><input type=\"hidden\" name=\"_wpcf7_recaptcha_response\" value=\"\" \/>\n<\/fieldset>\n<div class=\"trx_addons_columns_wrap\">\n\t<div class=\"trx_addons_column-1_2\">\n\t\t<p><label> Name<br \/>\n<span class=\"wpcf7-form-control-wrap\" data-name=\"your-name\"><input size=\"40\" maxlength=\"400\" class=\"wpcf7-form-control wpcf7-text wpcf7-validates-as-required\" autocomplete=\"name\" aria-required=\"true\" aria-invalid=\"false\" value=\"\" type=\"text\" name=\"your-name\" \/><\/span> <\/label>\n\t\t<\/p>\n\t<\/div>\n\t<div class=\"trx_addons_column-1_2\">\n\t\t<p><label> Phone<br \/>\n<span class=\"wpcf7-form-control-wrap\" data-name=\"tel-894\"><input size=\"40\" maxlength=\"400\" class=\"wpcf7-form-control wpcf7-tel wpcf7-text wpcf7-validates-as-tel\" aria-invalid=\"false\" value=\"\" type=\"tel\" name=\"tel-894\" \/><\/span> <\/label>\n\t\t<\/p>\n\t<\/div>\n\t<div class=\"trx_addons_column-1_1\">\n\t\t<p><label> E-mail<br \/>\n<span class=\"wpcf7-form-control-wrap\" data-name=\"your-email\"><input size=\"40\" maxlength=\"400\" class=\"wpcf7-form-control wpcf7-email wpcf7-validates-as-required wpcf7-text wpcf7-validates-as-email\" autocomplete=\"email\" aria-required=\"true\" aria-invalid=\"false\" value=\"\" type=\"email\" name=\"your-email\" \/><\/span> <\/label>\n\t\t<\/p>\n\t<\/div>\n\t<div class=\"trx_addons_column-1_2\">\n\t\t<p>Catamaran<br \/>\n<span class=\"wpcf7-form-control-wrap\" data-name=\"menu-174\"><select class=\"wpcf7-form-control wpcf7-select\" aria-invalid=\"false\" name=\"menu-174\"><option value=\"S\u00e9r\u00e9nit\u00e9\">S\u00e9r\u00e9nit\u00e9<\/option><option value=\"Eternit\u00e9\">Eternit\u00e9<\/option><option value=\"Libert\u00e9\">Libert\u00e9<\/option><\/select><\/span>\n\t\t<\/p>\n\t<\/div>\n\t<div class=\"trx_addons_column-1_2\">\n\t\t<p>Circuit<br \/>\n<span class=\"wpcf7-form-control-wrap\" data-name=\"menu-175\"><select class=\"wpcf7-form-control wpcf7-select\" aria-invalid=\"false\" name=\"menu-175\"><option value=\"North Corsica 1 week\">North Corsica 1 week<\/option><option value=\"South-west Corsica 1 week\">South-west Corsica 1 week<\/option><option value=\"South-est Corsica 1 week\">South-est Corsica 1 week<\/option><option value=\"North Corsica 4 days\">North Corsica 4 days<\/option><option value=\"South-west Corsica 4 days\">South-west Corsica 4 days<\/option><option value=\"South-est Corsica 4 days\">South-est Corsica 4 days<\/option><option value=\"North Corsica 2 days\">North Corsica 2 days<\/option><option value=\"South-west Corsica 2 days\">South-west Corsica 2 days<\/option><option value=\"South-est Corsica 2 days\">South-est Corsica 2 days<\/option><option value=\"Customized tours\">Customized tours<\/option><\/select><\/span>\n\t\t<\/p>\n\t<\/div>\n\t<div class=\"trx_addons_column-1_2\">\n\t\t<p>Date (from)<br \/>\n<span class=\"wpcf7-form-control-wrap\" data-name=\"date-889\"><input class=\"wpcf7-form-control wpcf7-date wpcf7-validates-as-required wpcf7-validates-as-date\" min=\"2023-04-01\" max=\"2099-12-31\" aria-required=\"true\" aria-invalid=\"false\" value=\"\" type=\"date\" name=\"date-889\" \/><\/span>\n\t\t<\/p>\n\t<\/div>\n\t<div class=\"trx_addons_column-1_2\">\n\t\t<p>Date (to)<br \/>\n<span class=\"wpcf7-form-control-wrap\" data-name=\"date-890\"><input class=\"wpcf7-form-control wpcf7-date wpcf7-validates-as-required wpcf7-validates-as-date\" min=\"2023-04-01\" max=\"2099-12-31\" aria-required=\"true\" aria-invalid=\"false\" value=\"\" type=\"date\" name=\"date-890\" \/><\/span>\n\t\t<\/p>\n\t<\/div>\n\t<div class=\"trx_addons_column-1_1\">\n\t\t<p>Options<br \/>\n<span class=\"wpcf7-form-control-wrap\" data-name=\"checkbox-889\"><span class=\"wpcf7-form-control wpcf7-checkbox\"><span class=\"wpcf7-list-item first last\"><input type=\"checkbox\" name=\"checkbox-889[]\" value=\"With skipper\" \/><span class=\"wpcf7-list-item-label\">With skipper<\/span><\/span><\/span><\/span><i class=\"fa-solid fa-question skipperEN\"><\/i><span class=\"wpcf7-form-control-wrap\" data-name=\"checkbox-890\"><span class=\"wpcf7-form-control wpcf7-checkbox\"><span class=\"wpcf7-list-item first last\"><input type=\"checkbox\" name=\"checkbox-890[]\" value=\"With hostess\" \/><span class=\"wpcf7-list-item-label\">With hostess<\/span><\/span><\/span><\/span><i class=\"fa-solid fa-question hotesseEN\"><\/i><span class=\"wpcf7-form-control-wrap\" data-name=\"checkbox-891\"><span class=\"wpcf7-form-control wpcf7-checkbox\"><span class=\"wpcf7-list-item first last\"><input type=\"checkbox\" name=\"checkbox-891[]\" value=\"Advance payment\" \/><span class=\"wpcf7-list-item-label\">Advance payment<\/span><\/span><\/span><\/span><i class=\"fa-solid fa-question apaEN\"><\/i>\n\t\t<\/p>\n\t<\/div>\n\t<div class=\"trx_addons_column-1_1\">\n\t\t<p><label> Your message (optional)<br \/>\n<span class=\"wpcf7-form-control-wrap\" data-name=\"your-message\"><textarea cols=\"40\" rows=\"10\" maxlength=\"2000\" class=\"wpcf7-form-control wpcf7-textarea\" aria-invalid=\"false\" name=\"your-message\"><\/textarea><\/span> <\/label>\n\t\t<\/p>\n\t<\/div>\n\t<div class=\"trx_addons_column-1_1 text-center\">\n\t\t<p><input class=\"wpcf7-form-control wpcf7-submit has-spinner\" type=\"submit\" value=\"Send\" \/>\n\t\t<\/p>\n\t<\/div>\n<\/div><div class=\"wpcf7-response-output\" aria-hidden=\"true\"><\/div>\n<input type=\"hidden\" name=\"trp-form-language\" value=\"en\"\/><\/form>\n<\/div>\n            <\/div>\n\n        \t\t<\/div>\n\t\t\t\t<\/div>\n\t\t\t\t\t<\/div>\n\t\t<\/div>\n\t\t\t\t\t\t\t<\/div>\n\t\t<\/section>\n\t\t\t\t\t\t\t<\/div>","protected":false},"excerpt":{"rendered":"<p>Before you go You are leaving the page without completing the form. Confirm Cancel Reservation Booking form Name Phone E-mail Catamaran S\u00e9r\u00e9nit\u00e9Eternit\u00e9Libert\u00e9 Circuit North Corsica 1 weekSouth-west Corsica 1 weekSouth-est Corsica 1 weekNorth Corsica 4 daysSouth-west Corsica 4 daysSouth-est Corsica 4 daysNorth Corsica 2 daysSouth-west Corsica 2 daysSouth-est Corsica 2 daysCustomized tours Date (from) Date&hellip;<\/p>","protected":false},"author":6,"featured_media":0,"parent":0,"menu_order":0,"comment_status":"closed","ping_status":"closed","template":"","meta":{"footnotes":""},"class_list":["post-9353","page","type-page","status-publish","hentry"],"yoast_head":"<!-- This site is optimized with the Yoast SEO plugin v27.2 - https:\/\/yoast.com\/product\/yoast-seo-wordpress\/ -->\n<title>Reservation - Marina Vela<\/title>\n<meta name=\"robots\" content=\"index, follow, max-snippet:-1, max-image-preview:large, max-video-preview:-1\" \/>\n<link rel=\"canonical\" href=\"https:\/\/marina-vela.com\/en\/reservation-en\/\" \/>\n<meta property=\"og:locale\" content=\"en_GB\" \/>\n<meta property=\"og:type\" content=\"article\" \/>\n<meta property=\"og:title\" content=\"Reservation - Marina Vela\" \/>\n<meta property=\"og:description\" content=\"Before you go You are leaving the page without completing the form. Confirm Cancel Reservation Booking form Name Phone E-mail Catamaran S\u00e9r\u00e9nit\u00e9Eternit\u00e9Libert\u00e9 Circuit North Corsica 1 weekSouth-west Corsica 1 weekSouth-est Corsica 1 weekNorth Corsica 4 daysSouth-west Corsica 4 daysSouth-est Corsica 4 daysNorth Corsica 2 daysSouth-west Corsica 2 daysSouth-est Corsica 2 daysCustomized tours Date (from) Date&hellip;\" \/>\n<meta property=\"og:url\" content=\"https:\/\/marina-vela.com\/en\/reservation-en\/\" \/>\n<meta property=\"og:site_name\" content=\"Marina Vela\" \/>\n<meta property=\"article:modified_time\" content=\"2023-09-07T19:11:09+00:00\" \/>\n<meta property=\"og:image\" content=\"https:\/\/marina-vela.com\/wp-content\/uploads\/2023\/01\/Untitled-design157.png\" \/>\n<meta name=\"twitter:card\" content=\"summary_large_image\" \/>\n<meta name=\"twitter:label1\" content=\"Estimated reading time\" \/>\n\t<meta name=\"twitter:data1\" content=\"1 minute\" \/>\n<script type=\"application\/ld+json\" class=\"yoast-schema-graph\">{\"@context\":\"https:\/\/schema.org\",\"@graph\":[{\"@type\":\"WebPage\",\"@id\":\"https:\/\/marina-vela.com\/en\/reservation-en\/\",\"url\":\"https:\/\/marina-vela.com\/en\/reservation-en\/\",\"name\":\"Reservation - Marina Vela\",\"isPartOf\":{\"@id\":\"https:\/\/marina-vela.com\/en\/#website\"},\"primaryImageOfPage\":{\"@id\":\"https:\/\/marina-vela.com\/en\/reservation-en\/#primaryimage\"},\"image\":{\"@id\":\"https:\/\/marina-vela.com\/en\/reservation-en\/#primaryimage\"},\"thumbnailUrl\":\"https:\/\/marina-vela.com\/wp-content\/uploads\/2023\/01\/Untitled-design157.png\",\"datePublished\":\"2023-04-06T08:07:53+00:00\",\"dateModified\":\"2023-09-07T19:11:09+00:00\",\"breadcrumb\":{\"@id\":\"https:\/\/marina-vela.com\/en\/reservation-en\/#breadcrumb\"},\"inLanguage\":\"en-GB\",\"potentialAction\":[{\"@type\":\"ReadAction\",\"target\":[\"https:\/\/marina-vela.com\/en\/reservation-en\/\"]}]},{\"@type\":\"ImageObject\",\"inLanguage\":\"en-GB\",\"@id\":\"https:\/\/marina-vela.com\/en\/reservation-en\/#primaryimage\",\"url\":\"https:\/\/marina-vela.com\/wp-content\/uploads\/2023\/01\/Untitled-design157.png\",\"contentUrl\":\"https:\/\/marina-vela.com\/wp-content\/uploads\/2023\/01\/Untitled-design157.png\"},{\"@type\":\"BreadcrumbList\",\"@id\":\"https:\/\/marina-vela.com\/en\/reservation-en\/#breadcrumb\",\"itemListElement\":[{\"@type\":\"ListItem\",\"position\":1,\"name\":\"Accueil\",\"item\":\"https:\/\/marina-vela.com\/en\/\"},{\"@type\":\"ListItem\",\"position\":2,\"name\":\"Reservation\"}]},{\"@type\":\"WebSite\",\"@id\":\"https:\/\/marina-vela.com\/en\/#website\",\"url\":\"https:\/\/marina-vela.com\/en\/\",\"name\":\"Marina Vela\",\"description\":\"LUXURY CREWED CRUISE\",\"publisher\":{\"@id\":\"https:\/\/marina-vela.com\/en\/#organization\"},\"potentialAction\":[{\"@type\":\"SearchAction\",\"target\":{\"@type\":\"EntryPoint\",\"urlTemplate\":\"https:\/\/marina-vela.com\/en\/?s={search_term_string}\"},\"query-input\":{\"@type\":\"PropertyValueSpecification\",\"valueRequired\":true,\"valueName\":\"search_term_string\"}}],\"inLanguage\":\"en-GB\"},{\"@type\":\"Organization\",\"@id\":\"https:\/\/marina-vela.com\/en\/#organization\",\"name\":\"Catamaran-Libert\u00e9\",\"url\":\"https:\/\/marina-vela.com\/en\/\",\"logo\":{\"@type\":\"ImageObject\",\"inLanguage\":\"en-GB\",\"@id\":\"https:\/\/marina-vela.com\/en\/#\/schema\/logo\/image\/\",\"url\":\"https:\/\/marina-vela.com\/wp-content\/uploads\/2020\/01\/cropped-LOGO-LIBERTE-PETITE.png\",\"contentUrl\":\"https:\/\/marina-vela.com\/wp-content\/uploads\/2020\/01\/cropped-LOGO-LIBERTE-PETITE.png\",\"width\":512,\"height\":512,\"caption\":\"Catamaran-Libert\u00e9\"},\"image\":{\"@id\":\"https:\/\/marina-vela.com\/en\/#\/schema\/logo\/image\/\"}}]}<\/script>\n<!-- \/ Yoast SEO plugin. -->","yoast_head_json":{"title":"Reservation - Marina Vela","robots":{"index":"index","follow":"follow","max-snippet":"max-snippet:-1","max-image-preview":"max-image-preview:large","max-video-preview":"max-video-preview:-1"},"canonical":"https:\/\/marina-vela.com\/en\/reservation-en\/","og_locale":"en_GB","og_type":"article","og_title":"Reservation - Marina Vela","og_description":"Before you go You are leaving the page without completing the form. Confirm Cancel Reservation Booking form Name Phone E-mail Catamaran S\u00e9r\u00e9nit\u00e9Eternit\u00e9Libert\u00e9 Circuit North Corsica 1 weekSouth-west Corsica 1 weekSouth-est Corsica 1 weekNorth Corsica 4 daysSouth-west Corsica 4 daysSouth-est Corsica 4 daysNorth Corsica 2 daysSouth-west Corsica 2 daysSouth-est Corsica 2 daysCustomized tours Date (from) Date&hellip;","og_url":"https:\/\/marina-vela.com\/en\/reservation-en\/","og_site_name":"Marina Vela","article_modified_time":"2023-09-07T19:11:09+00:00","og_image":[{"url":"https:\/\/marina-vela.com\/wp-content\/uploads\/2023\/01\/Untitled-design157.png","type":"","width":"","height":""}],"twitter_card":"summary_large_image","twitter_misc":{"Estimated reading time":"1 minute"},"schema":{"@context":"https:\/\/schema.org","@graph":[{"@type":"WebPage","@id":"https:\/\/marina-vela.com\/en\/reservation-en\/","url":"https:\/\/marina-vela.com\/en\/reservation-en\/","name":"Reservation - Marina Vela","isPartOf":{"@id":"https:\/\/marina-vela.com\/en\/#website"},"primaryImageOfPage":{"@id":"https:\/\/marina-vela.com\/en\/reservation-en\/#primaryimage"},"image":{"@id":"https:\/\/marina-vela.com\/en\/reservation-en\/#primaryimage"},"thumbnailUrl":"https:\/\/marina-vela.com\/wp-content\/uploads\/2023\/01\/Untitled-design157.png","datePublished":"2023-04-06T08:07:53+00:00","dateModified":"2023-09-07T19:11:09+00:00","breadcrumb":{"@id":"https:\/\/marina-vela.com\/en\/reservation-en\/#breadcrumb"},"inLanguage":"en-GB","potentialAction":[{"@type":"ReadAction","target":["https:\/\/marina-vela.com\/en\/reservation-en\/"]}]},{"@type":"ImageObject","inLanguage":"en-GB","@id":"https:\/\/marina-vela.com\/en\/reservation-en\/#primaryimage","url":"https:\/\/marina-vela.com\/wp-content\/uploads\/2023\/01\/Untitled-design157.png","contentUrl":"https:\/\/marina-vela.com\/wp-content\/uploads\/2023\/01\/Untitled-design157.png"},{"@type":"BreadcrumbList","@id":"https:\/\/marina-vela.com\/en\/reservation-en\/#breadcrumb","itemListElement":[{"@type":"ListItem","position":1,"name":"Accueil","item":"https:\/\/marina-vela.com\/en\/"},{"@type":"ListItem","position":2,"name":"Reservation"}]},{"@type":"WebSite","@id":"https:\/\/marina-vela.com\/en\/#website","url":"https:\/\/marina-vela.com\/en\/","name":"Marina Vela","description":"LUXURY CREWED CRUISE","publisher":{"@id":"https:\/\/marina-vela.com\/en\/#organization"},"potentialAction":[{"@type":"SearchAction","target":{"@type":"EntryPoint","urlTemplate":"https:\/\/marina-vela.com\/en\/?s={search_term_string}"},"query-input":{"@type":"PropertyValueSpecification","valueRequired":true,"valueName":"search_term_string"}}],"inLanguage":"en-GB"},{"@type":"Organization","@id":"https:\/\/marina-vela.com\/en\/#organization","name":"Catamaran-Libert\u00e9","url":"https:\/\/marina-vela.com\/en\/","logo":{"@type":"ImageObject","inLanguage":"en-GB","@id":"https:\/\/marina-vela.com\/en\/#\/schema\/logo\/image\/","url":"https:\/\/marina-vela.com\/wp-content\/uploads\/2020\/01\/cropped-LOGO-LIBERTE-PETITE.png","contentUrl":"https:\/\/marina-vela.com\/wp-content\/uploads\/2020\/01\/cropped-LOGO-LIBERTE-PETITE.png","width":512,"height":512,"caption":"Catamaran-Libert\u00e9"},"image":{"@id":"https:\/\/marina-vela.com\/en\/#\/schema\/logo\/image\/"}}]}},"_links":{"self":[{"href":"https:\/\/marina-vela.com\/en\/wp-json\/wp\/v2\/pages\/9353","targetHints":{"allow":["GET"]}}],"collection":[{"href":"https:\/\/marina-vela.com\/en\/wp-json\/wp\/v2\/pages"}],"about":[{"href":"https:\/\/marina-vela.com\/en\/wp-json\/wp\/v2\/types\/page"}],"author":[{"embeddable":true,"href":"https:\/\/marina-vela.com\/en\/wp-json\/wp\/v2\/users\/6"}],"replies":[{"embeddable":true,"href":"https:\/\/marina-vela.com\/en\/wp-json\/wp\/v2\/comments?post=9353"}],"version-history":[{"count":13,"href":"https:\/\/marina-vela.com\/en\/wp-json\/wp\/v2\/pages\/9353\/revisions"}],"predecessor-version":[{"id":9711,"href":"https:\/\/marina-vela.com\/en\/wp-json\/wp\/v2\/pages\/9353\/revisions\/9711"}],"wp:attachment":[{"href":"https:\/\/marina-vela.com\/en\/wp-json\/wp\/v2\/media?parent=9353"}],"curies":[{"name":"wp","href":"https:\/\/api.w.org\/{rel}","templated":true}]}}