{"id":6215,"date":"2022-08-17T09:46:04","date_gmt":"2022-08-17T09:46:04","guid":{"rendered":"https:\/\/marina-vela.com\/?page_id=6215"},"modified":"2022-12-15T21:53:32","modified_gmt":"2022-12-15T21:53:32","slug":"buy-a-catamaran","status":"publish","type":"page","link":"https:\/\/marina-vela.com\/en\/buy-a-catamaran\/","title":{"rendered":"Buy a catamaran"},"content":{"rendered":"<div data-elementor-type=\"wp-page\" data-elementor-id=\"6215\" class=\"elementor elementor-6215\" data-elementor-post-type=\"page\">\n\t\t\t\t\t\t\t\t\t<section class=\"ob-is-breaking-bad elementor-section elementor-top-section elementor-element elementor-element-8a974f1 elementor-section-full_width elementor-section-height-min-height elementor-section-stretched elementor-section-height-default elementor-section-items-middle\" data-id=\"8a974f1\" data-element_type=\"section\" data-settings=\"{&quot;stretch_section&quot;:&quot;section-stretched&quot;,&quot;background_background&quot;:&quot;classic&quot;,&quot;_ob_bbad_use_it&quot;:&quot;yes&quot;,&quot;_ob_bbad_sssic_use&quot;:&quot;no&quot;,&quot;_ob_glider_is_slider&quot;:&quot;no&quot;}\">\n\t\t\t\t\t\t\t<div class=\"elementor-background-overlay\"><\/div>\n\t\t\t\t\t\t\t<div class=\"elementor-container elementor-column-gap-default\">\n\t\t\t\t\t<div class=\"elementor-column elementor-col-100 elementor-top-column elementor-element elementor-element-867f592\" data-id=\"867f592\" data-element_type=\"column\" data-settings=\"{&quot;_ob_bbad_is_stalker&quot;:&quot;no&quot;,&quot;_ob_teleporter_use&quot;:false,&quot;_ob_column_hoveranimator&quot;:&quot;no&quot;,&quot;_ob_column_has_pseudo&quot;:&quot;no&quot;}\">\n\t\t\t<div class=\"elementor-widget-wrap elementor-element-populated\">\n\t\t\t\t\t\t\t\t<div class=\"elementor-element elementor-element-57365861 elementor-widget-mobile__width-inherit ob-harakiri-inherit ob-has-background-overlay elementor-widget elementor-widget-heading\" data-id=\"57365861\" data-element_type=\"widget\" data-settings=\"{&quot;_ob_use_harakiri&quot;:&quot;yes&quot;,&quot;_ob_harakiri_writing_mode&quot;:&quot;inherit&quot;,&quot;_ob_harakiri_text_clip&quot;:&quot;none&quot;,&quot;_ob_perspektive_use&quot;:&quot;no&quot;,&quot;_ob_poopart_use&quot;:&quot;yes&quot;,&quot;_ob_shadough_use&quot;:&quot;no&quot;,&quot;_ob_allow_hoveranimator&quot;:&quot;no&quot;,&quot;_ob_widget_stalker_use&quot;:&quot;no&quot;}\" data-widget_type=\"heading.default\">\n\t\t\t\t<div class=\"elementor-widget-container\">\n\t\t\t<h1 class=\"elementor-heading-title elementor-size-default\">Buy a catamaran: Corsica or in the\nFrench Riviera<\/h1>\t\t<\/div>\n\t\t\t\t<\/div>\n\t\t\t\t\t<\/div>\n\t\t<\/div>\n\t\t\t\t\t\t\t<\/div>\n\t\t<\/section>\n\t\t\t\t<section class=\"ob-is-breaking-bad elementor-section elementor-top-section elementor-element elementor-element-2db0ed1c elementor-section-full_width elementor-section-stretched elementor-section-height-default elementor-section-height-default\" data-id=\"2db0ed1c\" data-element_type=\"section\" data-settings=\"{&quot;stretch_section&quot;:&quot;section-stretched&quot;,&quot;_ob_bbad_use_it&quot;:&quot;yes&quot;,&quot;_ob_bbad_sssic_use&quot;:&quot;no&quot;,&quot;_ob_glider_is_slider&quot;:&quot;no&quot;}\">\n\t\t\t\t\t\t<div class=\"elementor-container elementor-column-gap-default\">\n\t\t\t\t\t<div class=\"elementor-column elementor-col-100 elementor-top-column elementor-element elementor-element-6162a7f1\" data-id=\"6162a7f1\" data-element_type=\"column\" data-settings=\"{&quot;_ob_bbad_is_stalker&quot;:&quot;no&quot;,&quot;_ob_teleporter_use&quot;:false,&quot;_ob_column_hoveranimator&quot;:&quot;no&quot;,&quot;_ob_column_has_pseudo&quot;:&quot;no&quot;}\">\n\t\t\t<div class=\"elementor-widget-wrap elementor-element-populated\">\n\t\t\t\t\t\t\t\t<div class=\"elementor-element elementor-element-78c5cb44 elementor-widget-mobile__width-inherit wave-title-center ob-harakiri-inherit ob-has-background-overlay elementor-widget elementor-widget-heading\" data-id=\"78c5cb44\" data-element_type=\"widget\" data-settings=\"{&quot;_ob_use_harakiri&quot;:&quot;yes&quot;,&quot;_ob_harakiri_writing_mode&quot;:&quot;inherit&quot;,&quot;_ob_harakiri_text_clip&quot;:&quot;none&quot;,&quot;_ob_perspektive_use&quot;:&quot;no&quot;,&quot;_ob_poopart_use&quot;:&quot;yes&quot;,&quot;_ob_shadough_use&quot;:&quot;no&quot;,&quot;_ob_allow_hoveranimator&quot;:&quot;no&quot;,&quot;_ob_widget_stalker_use&quot;:&quot;no&quot;}\" data-widget_type=\"heading.default\">\n\t\t\t\t<div class=\"elementor-widget-container\">\n\t\t\t<h2 class=\"elementor-heading-title elementor-size-default\">Luxury catamaran Corsica French Riviera: buy your own boat<\/h2>\t\t<\/div>\n\t\t\t\t<\/div>\n\t\t\t\t<div class=\"elementor-element elementor-element-bc6e409 ob-harakiri-inherit ob-has-background-overlay elementor-widget elementor-widget-text-editor\" data-id=\"bc6e409\" data-element_type=\"widget\" data-settings=\"{&quot;_ob_use_harakiri&quot;:&quot;yes&quot;,&quot;_ob_harakiri_writing_mode&quot;:&quot;inherit&quot;,&quot;_ob_postman_use&quot;:&quot;no&quot;,&quot;_ob_perspektive_use&quot;:&quot;no&quot;,&quot;_ob_poopart_use&quot;:&quot;yes&quot;,&quot;_ob_shadough_use&quot;:&quot;no&quot;,&quot;_ob_allow_hoveranimator&quot;:&quot;no&quot;,&quot;_ob_widget_stalker_use&quot;:&quot;no&quot;}\" data-widget_type=\"text-editor.default\">\n\t\t\t\t<div class=\"elementor-widget-container\">\n\t\t\t\t\t\t\t<p>Are you looking for a catamaran for sale in Corsica or in the French Riviera? Are you dreaming about sailing on the Mediterranean Sea, in the Pelagos Sanctuary and having an encounter with dolphins? Marine Vela helps you choose your perfect yacht and rents it out for you.<\/p>\t\t\t\t\t\t<\/div>\n\t\t\t\t<\/div>\n\t\t\t\t\t<\/div>\n\t\t<\/div>\n\t\t\t\t\t\t\t<\/div>\n\t\t<\/section>\n\t\t\t\t<section class=\"ob-is-breaking-bad elementor-section elementor-top-section elementor-element elementor-element-39e97d9 elementor-section-full_width elementor-section-stretched elementor-section-height-default elementor-section-height-default\" data-id=\"39e97d9\" data-element_type=\"section\" data-settings=\"{&quot;stretch_section&quot;:&quot;section-stretched&quot;,&quot;background_background&quot;:&quot;classic&quot;,&quot;_ob_bbad_use_it&quot;:&quot;yes&quot;,&quot;_ob_bbad_sssic_use&quot;:&quot;no&quot;,&quot;_ob_glider_is_slider&quot;:&quot;no&quot;}\">\n\t\t\t\t\t\t\t<div class=\"elementor-background-overlay\"><\/div>\n\t\t\t\t\t\t\t<div class=\"elementor-container elementor-column-gap-default\">\n\t\t\t\t\t<div class=\"elementor-column elementor-col-100 elementor-top-column elementor-element elementor-element-0aecb4d\" data-id=\"0aecb4d\" data-element_type=\"column\" data-settings=\"{&quot;_ob_bbad_is_stalker&quot;:&quot;no&quot;,&quot;_ob_teleporter_use&quot;:false,&quot;_ob_column_hoveranimator&quot;:&quot;no&quot;,&quot;_ob_column_has_pseudo&quot;:&quot;no&quot;}\">\n\t\t\t<div class=\"elementor-widget-wrap elementor-element-populated\">\n\t\t\t\t\t\t\t\t<div class=\"elementor-element elementor-element-83c364f elementor-widget-mobile__width-inherit wave-title-center ob-harakiri-inherit ob-has-background-overlay elementor-widget elementor-widget-heading\" data-id=\"83c364f\" data-element_type=\"widget\" data-settings=\"{&quot;_ob_use_harakiri&quot;:&quot;yes&quot;,&quot;_ob_harakiri_writing_mode&quot;:&quot;inherit&quot;,&quot;_ob_harakiri_text_clip&quot;:&quot;none&quot;,&quot;_ob_perspektive_use&quot;:&quot;no&quot;,&quot;_ob_poopart_use&quot;:&quot;yes&quot;,&quot;_ob_shadough_use&quot;:&quot;no&quot;,&quot;_ob_allow_hoveranimator&quot;:&quot;no&quot;,&quot;_ob_widget_stalker_use&quot;:&quot;no&quot;}\" data-widget_type=\"heading.default\">\n\t\t\t\t<div class=\"elementor-widget-container\">\n\t\t\t<h3 class=\"elementor-heading-title elementor-size-default\">Buy a catamaran: Corisca or the French Riviera<\/h3>\t\t<\/div>\n\t\t\t\t<\/div>\n\t\t\t\t<div class=\"elementor-element elementor-element-c72664c ob-harakiri-inherit ob-has-background-overlay elementor-widget elementor-widget-text-editor\" data-id=\"c72664c\" data-element_type=\"widget\" data-settings=\"{&quot;_ob_use_harakiri&quot;:&quot;yes&quot;,&quot;_ob_harakiri_writing_mode&quot;:&quot;inherit&quot;,&quot;_ob_postman_use&quot;:&quot;no&quot;,&quot;_ob_perspektive_use&quot;:&quot;no&quot;,&quot;_ob_poopart_use&quot;:&quot;yes&quot;,&quot;_ob_shadough_use&quot;:&quot;no&quot;,&quot;_ob_allow_hoveranimator&quot;:&quot;no&quot;,&quot;_ob_widget_stalker_use&quot;:&quot;no&quot;}\" data-widget_type=\"text-editor.default\">\n\t\t\t\t<div class=\"elementor-widget-container\">\n\t\t\t\t\t\t\t<p>Are you looking to invest in a pre-used S\u00e9r\u00e9nit\u00e9 ship or in a new boat for 8 people? The Marine Vela crew helps you find the luxury catamaran you are looking for. Our skipper is at your disposal and sets sail in your boat. With him, you will explore some of the most dreamy spots in Sardinia, Corsica or the French Riviera.<\/p>\t\t\t\t\t\t<\/div>\n\t\t\t\t<\/div>\n\t\t\t\t\t<\/div>\n\t\t<\/div>\n\t\t\t\t\t\t\t<\/div>\n\t\t<\/section>\n\t\t\t\t<section class=\"ob-is-breaking-bad elementor-section elementor-top-section elementor-element elementor-element-d404292 elementor-section-full_width elementor-section-stretched elementor-section-height-default elementor-section-height-default\" data-id=\"d404292\" data-element_type=\"section\" data-settings=\"{&quot;stretch_section&quot;:&quot;section-stretched&quot;,&quot;_ob_bbad_use_it&quot;:&quot;yes&quot;,&quot;_ob_bbad_sssic_use&quot;:&quot;no&quot;,&quot;_ob_glider_is_slider&quot;:&quot;no&quot;}\">\n\t\t\t\t\t\t<div class=\"elementor-container elementor-column-gap-default\">\n\t\t\t\t\t<div class=\"elementor-column elementor-col-100 elementor-top-column elementor-element elementor-element-0033dde\" data-id=\"0033dde\" data-element_type=\"column\" data-settings=\"{&quot;_ob_bbad_is_stalker&quot;:&quot;no&quot;,&quot;_ob_teleporter_use&quot;:false,&quot;_ob_column_hoveranimator&quot;:&quot;no&quot;,&quot;_ob_column_has_pseudo&quot;:&quot;no&quot;}\">\n\t\t\t<div class=\"elementor-widget-wrap elementor-element-populated\">\n\t\t\t\t\t\t\t\t<section class=\"ob-is-breaking-bad ob-bb-inner elementor-section elementor-inner-section elementor-element elementor-element-b10e78c elementor-section-full_width elementor-section-height-default elementor-section-height-default\" data-id=\"b10e78c\" data-element_type=\"section\" data-settings=\"{&quot;_ob_bbad_use_it&quot;:&quot;yes&quot;,&quot;_ob_bbad_sssic_use&quot;:&quot;no&quot;,&quot;_ob_glider_is_slider&quot;:&quot;no&quot;}\">\n\t\t\t\t\t\t<div class=\"elementor-container elementor-column-gap-default\">\n\t\t\t\t\t<div class=\"elementor-column elementor-col-50 elementor-inner-column elementor-element elementor-element-6585dba\" data-id=\"6585dba\" data-element_type=\"column\" data-settings=\"{&quot;background_background&quot;:&quot;classic&quot;,&quot;_ob_bbad_is_stalker&quot;:&quot;no&quot;,&quot;_ob_teleporter_use&quot;:false,&quot;_ob_column_hoveranimator&quot;:&quot;no&quot;,&quot;_ob_column_has_pseudo&quot;:&quot;no&quot;}\">\n\t\t\t<div class=\"elementor-widget-wrap elementor-element-populated\">\n\t\t\t\t\t<div class=\"elementor-background-overlay\"><\/div>\n\t\t\t\t\t\t\t\t<div class=\"elementor-element elementor-element-176cfd8 ob-has-background-overlay elementor-widget elementor-widget-spacer\" data-id=\"176cfd8\" data-element_type=\"widget\" data-settings=\"{&quot;_ob_spacerat_use&quot;:&quot;no&quot;,&quot;_ob_perspektive_use&quot;:&quot;no&quot;,&quot;_ob_poopart_use&quot;:&quot;yes&quot;,&quot;_ob_shadough_use&quot;:&quot;no&quot;,&quot;_ob_allow_hoveranimator&quot;:&quot;no&quot;,&quot;_ob_widget_stalker_use&quot;:&quot;no&quot;}\" data-widget_type=\"spacer.default\">\n\t\t\t\t<div class=\"elementor-widget-container\">\n\t\t\t\t\t<div class=\"elementor-spacer\">\n\t\t\t<div class=\"elementor-spacer-inner\"><\/div>\n\t\t<\/div>\n\t\t\t\t<\/div>\n\t\t\t\t<\/div>\n\t\t\t\t\t<\/div>\n\t\t<\/div>\n\t\t\t\t<div class=\"elementor-column elementor-col-50 elementor-inner-column elementor-element elementor-element-b968059\" data-id=\"b968059\" data-element_type=\"column\" data-settings=\"{&quot;background_background&quot;:&quot;classic&quot;,&quot;_ob_bbad_is_stalker&quot;:&quot;no&quot;,&quot;_ob_teleporter_use&quot;:false,&quot;_ob_column_hoveranimator&quot;:&quot;no&quot;,&quot;_ob_column_has_pseudo&quot;:&quot;no&quot;}\">\n\t\t\t<div class=\"elementor-widget-wrap elementor-element-populated\">\n\t\t\t\t\t\t\t\t<div class=\"elementor-element elementor-element-ea32ba1 elementor-widget-mobile__width-inherit ob-harakiri-inherit ob-has-background-overlay elementor-widget elementor-widget-heading\" data-id=\"ea32ba1\" data-element_type=\"widget\" data-settings=\"{&quot;_ob_use_harakiri&quot;:&quot;yes&quot;,&quot;_ob_harakiri_writing_mode&quot;:&quot;inherit&quot;,&quot;_ob_harakiri_text_clip&quot;:&quot;none&quot;,&quot;_ob_perspektive_use&quot;:&quot;no&quot;,&quot;_ob_poopart_use&quot;:&quot;yes&quot;,&quot;_ob_shadough_use&quot;:&quot;no&quot;,&quot;_ob_allow_hoveranimator&quot;:&quot;no&quot;,&quot;_ob_widget_stalker_use&quot;:&quot;no&quot;}\" data-widget_type=\"heading.default\">\n\t\t\t\t<div class=\"elementor-widget-container\">\n\t\t\t<h3 class=\"elementor-heading-title elementor-size-default\">Custom-made contracts for ship management and rental<\/h3>\t\t<\/div>\n\t\t\t\t<\/div>\n\t\t\t\t<div class=\"elementor-element elementor-element-c97c4ec ob-harakiri-inherit ob-has-background-overlay elementor-widget elementor-widget-text-editor\" data-id=\"c97c4ec\" data-element_type=\"widget\" data-settings=\"{&quot;_ob_use_harakiri&quot;:&quot;yes&quot;,&quot;_ob_harakiri_writing_mode&quot;:&quot;inherit&quot;,&quot;_ob_postman_use&quot;:&quot;no&quot;,&quot;_ob_perspektive_use&quot;:&quot;no&quot;,&quot;_ob_poopart_use&quot;:&quot;yes&quot;,&quot;_ob_shadough_use&quot;:&quot;no&quot;,&quot;_ob_allow_hoveranimator&quot;:&quot;no&quot;,&quot;_ob_widget_stalker_use&quot;:&quot;no&quot;}\" data-widget_type=\"text-editor.default\">\n\t\t\t\t<div class=\"elementor-widget-container\">\n\t\t\t\t\t\t\t<p>Are you the owner of a pre-used catamaran or a new Lagoon boat in the Mediterranean Sea? Let us take care of your ship! We will:<\/p><p>\u00a0 \u00a0\u25cf Find a safe parking spot in the port of Ajaccio or Antibes ;<br \/>\u00a0 \u00a0\u25cf Get insurance for your boat ;<br \/>\u00a0 \u00a0\u25cf Take care of its maintenance when you are away ;<br \/>\u00a0 \u00a0\u25cf And more!<\/p><p>Thanks to our service, your ship will always be ready to sail. Once the boat is yours, let us take care of everything. Your investment will be profitable in no time!<br \/>Each management and rental contract is custom-made. All you have to do is let us know when you are planning to use your boat. In the remaining time, we will rent it out.<br \/>The days you spend at sea will be stress-free and all about fun!<\/p>\t\t\t\t\t\t<\/div>\n\t\t\t\t<\/div>\n\t\t\t\t<div class=\"elementor-element elementor-element-484288b ob-harakiri-inherit ob-has-background-overlay elementor-widget elementor-widget-text-editor\" data-id=\"484288b\" data-element_type=\"widget\" data-settings=\"{&quot;_ob_use_harakiri&quot;:&quot;yes&quot;,&quot;_ob_harakiri_writing_mode&quot;:&quot;inherit&quot;,&quot;_ob_postman_use&quot;:&quot;no&quot;,&quot;_ob_perspektive_use&quot;:&quot;no&quot;,&quot;_ob_poopart_use&quot;:&quot;yes&quot;,&quot;_ob_shadough_use&quot;:&quot;no&quot;,&quot;_ob_allow_hoveranimator&quot;:&quot;no&quot;,&quot;_ob_widget_stalker_use&quot;:&quot;no&quot;}\" data-widget_type=\"text-editor.default\">\n\t\t\t\t<div class=\"elementor-widget-container\">\n\t\t\t\t\t\t\t<p><strong>Buying a catamaran in Corsica or in the French Riviera has never been so simple!<\/strong> Call Marine Vela now. Our professional team finds, maintains and rents out the boat of your dreams.<\/p>\t\t\t\t\t\t<\/div>\n\t\t\t\t<\/div>\n\t\t\t\t<div class=\"elementor-element elementor-element-0e12725 elementor-align-left buttonFooter ob-has-background-overlay elementor-widget elementor-widget-button\" data-id=\"0e12725\" data-element_type=\"widget\" data-settings=\"{&quot;_ob_butterbutton_use_it&quot;:&quot;no&quot;,&quot;_ob_perspektive_use&quot;:&quot;no&quot;,&quot;_ob_poopart_use&quot;:&quot;yes&quot;,&quot;_ob_shadough_use&quot;:&quot;no&quot;,&quot;_ob_allow_hoveranimator&quot;:&quot;no&quot;,&quot;_ob_widget_stalker_use&quot;:&quot;no&quot;}\" data-widget_type=\"button.default\">\n\t\t\t\t<div class=\"elementor-widget-container\">\n\t\t\t\t\t<div class=\"elementor-button-wrapper\">\n\t\t\t<a class=\"elementor-button elementor-button-link elementor-size-xs\" href=\"https:\/\/marina-vela.com\/en\/contact-us\/\">\n\t\t\t\t\t\t<span class=\"elementor-button-content-wrapper\">\n\t\t\t\t\t\t<span class=\"elementor-button-text\">Contact us<\/span>\n\t\t<\/span>\n\t\t\t\t\t<\/a>\n\t\t<\/div>\n\t\t\t\t<\/div>\n\t\t\t\t<\/div>\n\t\t\t\t\t<\/div>\n\t\t<\/div>\n\t\t\t\t\t\t\t<\/div>\n\t\t<\/section>\n\t\t\t\t\t<\/div>\n\t\t<\/div>\n\t\t\t\t\t\t\t<\/div>\n\t\t<\/section>\n\t\t\t\t\t\t\t<\/div>","protected":false},"excerpt":{"rendered":"<p>Buy a catamaran: Corsica or in the French Riviera Luxury catamaran Corsica French Riviera: buy your own boat Are you looking for a catamaran for sale in Corsica or in the French Riviera? Are you dreaming about sailing on the Mediterranean Sea, in the Pelagos Sanctuary and having an encounter with dolphins? Marine Vela helps&hellip;<\/p>","protected":false},"author":4,"featured_media":4306,"parent":0,"menu_order":0,"comment_status":"closed","ping_status":"closed","template":"","meta":{"footnotes":""},"class_list":["post-6215","page","type-page","status-publish","has-post-thumbnail","hentry"],"yoast_head":"<!-- This site is optimized with the Yoast SEO plugin v27.2 - https:\/\/yoast.com\/product\/yoast-seo-wordpress\/ -->\n<title>Buy a catamaran - Marina Vela<\/title>\n<meta name=\"description\" content=\"Buy a catamaran : Treat yourself with a luxury catamaran in Corsica or in the French Riviera without any worries and with Marine Vela !\" \/>\n<meta name=\"robots\" content=\"index, follow, max-snippet:-1, max-image-preview:large, max-video-preview:-1\" \/>\n<link rel=\"canonical\" href=\"https:\/\/marina-vela.com\/en\/buy-a-catamaran\/\" \/>\n<meta property=\"og:locale\" content=\"en_GB\" \/>\n<meta property=\"og:type\" content=\"article\" \/>\n<meta property=\"og:title\" content=\"Buy a catamaran - Marina Vela\" \/>\n<meta property=\"og:description\" content=\"Buy a catamaran : Treat yourself with a luxury catamaran in Corsica or in the French Riviera without any worries and with Marine Vela !\" \/>\n<meta property=\"og:url\" content=\"https:\/\/marina-vela.com\/en\/buy-a-catamaran\/\" \/>\n<meta property=\"og:site_name\" content=\"Marina Vela\" \/>\n<meta property=\"article:modified_time\" content=\"2022-12-15T21:53:32+00:00\" \/>\n<meta property=\"og:image\" content=\"https:\/\/marina-vela.com\/wp-content\/uploads\/2022\/07\/IMG_4104-scaled.jpg\" \/>\n\t<meta property=\"og:image:width\" content=\"2560\" \/>\n\t<meta property=\"og:image:height\" content=\"1707\" \/>\n\t<meta property=\"og:image:type\" content=\"image\/jpeg\" \/>\n<meta name=\"twitter:card\" content=\"summary_large_image\" \/>\n<meta name=\"twitter:label1\" content=\"Estimated reading time\" \/>\n\t<meta name=\"twitter:data1\" content=\"2 minutes\" \/>\n<script type=\"application\/ld+json\" class=\"yoast-schema-graph\">{\"@context\":\"https:\/\/schema.org\",\"@graph\":[{\"@type\":\"WebPage\",\"@id\":\"https:\/\/marina-vela.com\/en\/buy-a-catamaran\/\",\"url\":\"https:\/\/marina-vela.com\/en\/buy-a-catamaran\/\",\"name\":\"Buy a catamaran - Marina Vela\",\"isPartOf\":{\"@id\":\"https:\/\/marina-vela.com\/en\/#website\"},\"primaryImageOfPage\":{\"@id\":\"https:\/\/marina-vela.com\/en\/buy-a-catamaran\/#primaryimage\"},\"image\":{\"@id\":\"https:\/\/marina-vela.com\/en\/buy-a-catamaran\/#primaryimage\"},\"thumbnailUrl\":\"https:\/\/marina-vela.com\/wp-content\/uploads\/2022\/07\/IMG_4104-scaled.jpg\",\"datePublished\":\"2022-08-17T09:46:04+00:00\",\"dateModified\":\"2022-12-15T21:53:32+00:00\",\"description\":\"Buy a catamaran : Treat yourself with a luxury catamaran in Corsica or in the French Riviera without any worries and with Marine Vela !\",\"breadcrumb\":{\"@id\":\"https:\/\/marina-vela.com\/en\/buy-a-catamaran\/#breadcrumb\"},\"inLanguage\":\"en-GB\",\"potentialAction\":[{\"@type\":\"ReadAction\",\"target\":[\"https:\/\/marina-vela.com\/en\/buy-a-catamaran\/\"]}]},{\"@type\":\"ImageObject\",\"inLanguage\":\"en-GB\",\"@id\":\"https:\/\/marina-vela.com\/en\/buy-a-catamaran\/#primaryimage\",\"url\":\"https:\/\/marina-vela.com\/wp-content\/uploads\/2022\/07\/IMG_4104-scaled.jpg\",\"contentUrl\":\"https:\/\/marina-vela.com\/wp-content\/uploads\/2022\/07\/IMG_4104-scaled.jpg\",\"width\":2560,\"height\":1707},{\"@type\":\"BreadcrumbList\",\"@id\":\"https:\/\/marina-vela.com\/en\/buy-a-catamaran\/#breadcrumb\",\"itemListElement\":[{\"@type\":\"ListItem\",\"position\":1,\"name\":\"Accueil\",\"item\":\"https:\/\/marina-vela.com\/en\/\"},{\"@type\":\"ListItem\",\"position\":2,\"name\":\"Buy a catamaran\"}]},{\"@type\":\"WebSite\",\"@id\":\"https:\/\/marina-vela.com\/en\/#website\",\"url\":\"https:\/\/marina-vela.com\/en\/\",\"name\":\"Marina Vela\",\"description\":\"LUXURY CREWED CRUISE\",\"publisher\":{\"@id\":\"https:\/\/marina-vela.com\/en\/#organization\"},\"potentialAction\":[{\"@type\":\"SearchAction\",\"target\":{\"@type\":\"EntryPoint\",\"urlTemplate\":\"https:\/\/marina-vela.com\/en\/?s={search_term_string}\"},\"query-input\":{\"@type\":\"PropertyValueSpecification\",\"valueRequired\":true,\"valueName\":\"search_term_string\"}}],\"inLanguage\":\"en-GB\"},{\"@type\":\"Organization\",\"@id\":\"https:\/\/marina-vela.com\/en\/#organization\",\"name\":\"Catamaran-Libert\u00e9\",\"url\":\"https:\/\/marina-vela.com\/en\/\",\"logo\":{\"@type\":\"ImageObject\",\"inLanguage\":\"en-GB\",\"@id\":\"https:\/\/marina-vela.com\/en\/#\/schema\/logo\/image\/\",\"url\":\"https:\/\/marina-vela.com\/wp-content\/uploads\/2020\/01\/cropped-LOGO-LIBERTE-PETITE.png\",\"contentUrl\":\"https:\/\/marina-vela.com\/wp-content\/uploads\/2020\/01\/cropped-LOGO-LIBERTE-PETITE.png\",\"width\":512,\"height\":512,\"caption\":\"Catamaran-Libert\u00e9\"},\"image\":{\"@id\":\"https:\/\/marina-vela.com\/en\/#\/schema\/logo\/image\/\"}}]}<\/script>\n<!-- \/ Yoast SEO plugin. -->","yoast_head_json":{"title":"Buy a catamaran - Marina Vela","description":"Buy a catamaran : Treat yourself with a luxury catamaran in Corsica or in the French Riviera without any worries and with Marine Vela !","robots":{"index":"index","follow":"follow","max-snippet":"max-snippet:-1","max-image-preview":"max-image-preview:large","max-video-preview":"max-video-preview:-1"},"canonical":"https:\/\/marina-vela.com\/en\/buy-a-catamaran\/","og_locale":"en_GB","og_type":"article","og_title":"Buy a catamaran - Marina Vela","og_description":"Buy a catamaran : Treat yourself with a luxury catamaran in Corsica or in the French Riviera without any worries and with Marine Vela !","og_url":"https:\/\/marina-vela.com\/en\/buy-a-catamaran\/","og_site_name":"Marina Vela","article_modified_time":"2022-12-15T21:53:32+00:00","og_image":[{"width":2560,"height":1707,"url":"https:\/\/marina-vela.com\/wp-content\/uploads\/2022\/07\/IMG_4104-scaled.jpg","type":"image\/jpeg"}],"twitter_card":"summary_large_image","twitter_misc":{"Estimated reading time":"2 minutes"},"schema":{"@context":"https:\/\/schema.org","@graph":[{"@type":"WebPage","@id":"https:\/\/marina-vela.com\/en\/buy-a-catamaran\/","url":"https:\/\/marina-vela.com\/en\/buy-a-catamaran\/","name":"Buy a catamaran - Marina Vela","isPartOf":{"@id":"https:\/\/marina-vela.com\/en\/#website"},"primaryImageOfPage":{"@id":"https:\/\/marina-vela.com\/en\/buy-a-catamaran\/#primaryimage"},"image":{"@id":"https:\/\/marina-vela.com\/en\/buy-a-catamaran\/#primaryimage"},"thumbnailUrl":"https:\/\/marina-vela.com\/wp-content\/uploads\/2022\/07\/IMG_4104-scaled.jpg","datePublished":"2022-08-17T09:46:04+00:00","dateModified":"2022-12-15T21:53:32+00:00","description":"Buy a catamaran : Treat yourself with a luxury catamaran in Corsica or in the French Riviera without any worries and with Marine Vela !","breadcrumb":{"@id":"https:\/\/marina-vela.com\/en\/buy-a-catamaran\/#breadcrumb"},"inLanguage":"en-GB","potentialAction":[{"@type":"ReadAction","target":["https:\/\/marina-vela.com\/en\/buy-a-catamaran\/"]}]},{"@type":"ImageObject","inLanguage":"en-GB","@id":"https:\/\/marina-vela.com\/en\/buy-a-catamaran\/#primaryimage","url":"https:\/\/marina-vela.com\/wp-content\/uploads\/2022\/07\/IMG_4104-scaled.jpg","contentUrl":"https:\/\/marina-vela.com\/wp-content\/uploads\/2022\/07\/IMG_4104-scaled.jpg","width":2560,"height":1707},{"@type":"BreadcrumbList","@id":"https:\/\/marina-vela.com\/en\/buy-a-catamaran\/#breadcrumb","itemListElement":[{"@type":"ListItem","position":1,"name":"Accueil","item":"https:\/\/marina-vela.com\/en\/"},{"@type":"ListItem","position":2,"name":"Buy a catamaran"}]},{"@type":"WebSite","@id":"https:\/\/marina-vela.com\/en\/#website","url":"https:\/\/marina-vela.com\/en\/","name":"Marina Vela","description":"LUXURY CREWED CRUISE","publisher":{"@id":"https:\/\/marina-vela.com\/en\/#organization"},"potentialAction":[{"@type":"SearchAction","target":{"@type":"EntryPoint","urlTemplate":"https:\/\/marina-vela.com\/en\/?s={search_term_string}"},"query-input":{"@type":"PropertyValueSpecification","valueRequired":true,"valueName":"search_term_string"}}],"inLanguage":"en-GB"},{"@type":"Organization","@id":"https:\/\/marina-vela.com\/en\/#organization","name":"Catamaran-Libert\u00e9","url":"https:\/\/marina-vela.com\/en\/","logo":{"@type":"ImageObject","inLanguage":"en-GB","@id":"https:\/\/marina-vela.com\/en\/#\/schema\/logo\/image\/","url":"https:\/\/marina-vela.com\/wp-content\/uploads\/2020\/01\/cropped-LOGO-LIBERTE-PETITE.png","contentUrl":"https:\/\/marina-vela.com\/wp-content\/uploads\/2020\/01\/cropped-LOGO-LIBERTE-PETITE.png","width":512,"height":512,"caption":"Catamaran-Libert\u00e9"},"image":{"@id":"https:\/\/marina-vela.com\/en\/#\/schema\/logo\/image\/"}}]}},"_links":{"self":[{"href":"https:\/\/marina-vela.com\/en\/wp-json\/wp\/v2\/pages\/6215","targetHints":{"allow":["GET"]}}],"collection":[{"href":"https:\/\/marina-vela.com\/en\/wp-json\/wp\/v2\/pages"}],"about":[{"href":"https:\/\/marina-vela.com\/en\/wp-json\/wp\/v2\/types\/page"}],"author":[{"embeddable":true,"href":"https:\/\/marina-vela.com\/en\/wp-json\/wp\/v2\/users\/4"}],"replies":[{"embeddable":true,"href":"https:\/\/marina-vela.com\/en\/wp-json\/wp\/v2\/comments?post=6215"}],"version-history":[{"count":1,"href":"https:\/\/marina-vela.com\/en\/wp-json\/wp\/v2\/pages\/6215\/revisions"}],"predecessor-version":[{"id":8463,"href":"https:\/\/marina-vela.com\/en\/wp-json\/wp\/v2\/pages\/6215\/revisions\/8463"}],"wp:featuredmedia":[{"embeddable":true,"href":"https:\/\/marina-vela.com\/en\/wp-json\/wp\/v2\/media\/4306"}],"wp:attachment":[{"href":"https:\/\/marina-vela.com\/en\/wp-json\/wp\/v2\/media?parent=6215"}],"curies":[{"name":"wp","href":"https:\/\/api.w.org\/{rel}","templated":true}]}}